{"id":6490,"date":"2023-10-26T14:48:14","date_gmt":"2023-10-26T19:48:14","guid":{"rendered":"https:\/\/kabesa.ca\/formation-3\/"},"modified":"2023-12-20T13:30:07","modified_gmt":"2023-12-20T18:30:07","slug":"formation","status":"publish","type":"page","link":"https:\/\/kabesa.ca\/fr\/formation\/","title":{"rendered":"Formation"},"content":{"rendered":"<p>[et_pb_section fb_built=\u00a0\u00bb1&Prime; _builder_version=\u00a0\u00bb4.16&Prime; _module_preset=\u00a0\u00bbdefault\u00a0\u00bb custom_padding=\u00a0\u00bb||0px||false|false\u00a0\u00bb global_colors_info=\u00a0\u00bb{}\u00a0\u00bb][et_pb_row _builder_version=\u00a0\u00bb4.16&Prime; _module_preset=\u00a0\u00bbdefault\u00a0\u00bb global_colors_info=\u00a0\u00bb{}\u00a0\u00bb][et_pb_column type=\u00a0\u00bb4_4&Prime; _builder_version=\u00a0\u00bb4.16&Prime; _module_preset=\u00a0\u00bbdefault\u00a0\u00bb global_colors_info=\u00a0\u00bb{}\u00a0\u00bb][et_pb_text _builder_version=\u00a0\u00bb4.16&Prime; _module_preset=\u00a0\u00bbdefault\u00a0\u00bb global_colors_info=\u00a0\u00bb{}\u00a0\u00bb]<\/p>\n<h1>Faites passer les connaissances de votre \u00e9quipe au niveau sup\u00e9rieur <\/h1>\n<p>[\/et_pb_text][\/et_pb_column][\/et_pb_row][\/et_pb_section][et_pb_section fb_built=\u00a0\u00bb1&Prime; _builder_version=\u00a0\u00bb4.16&Prime; _module_preset=\u00a0\u00bbdefault\u00a0\u00bb custom_padding=\u00a0\u00bb0px||||false|false\u00a0\u00bb global_colors_info=\u00a0\u00bb{}\u00a0\u00bb][et_pb_row column_structure=\u00a0\u00bb1_2,1_2&Prime; _builder_version=\u00a0\u00bb4.16&Prime; _module_preset=\u00a0\u00bbdefault\u00a0\u00bb global_colors_info=\u00a0\u00bb{}\u00a0\u00bb][et_pb_column type=\u00a0\u00bb1_2&Prime; _builder_version=\u00a0\u00bb4.16&Prime; _module_preset=\u00a0\u00bbdefault\u00a0\u00bb global_colors_info=\u00a0\u00bb{}\u00a0\u00bb][et_pb_blurb title=\u00a0\u00bbFormations\u00a0\u00bb image=\u00a0\u00bbhttps:\/\/kabesa.ca\/wp-content\/uploads\/2021\/02\/talking-audience-1024&#215;683.jpg\u00a0\u00bb _builder_version=\u00a0\u00bb4.16&Prime; _module_preset=\u00a0\u00bbdefault\u00a0\u00bb global_colors_info=\u00a0\u00bb{}\u00a0\u00bb]<\/p>\n<p>Creusez plus profond\u00e9ment, une application \u00e0 la fois. Choisissez un parcours d&rsquo;apprentissage ad\u00e9quat pour chaque membre de votre \u00e9quipe. Choisissez un parcours d&rsquo;apprentissage ad\u00e9quat pour chaque membre de votre \u00e9quipe.<\/p>\n<p>[\/et_pb_blurb][et_pb_button button_url=\u00a0\u00bbhttps:\/\/kabesa.ca\/fr\/categorie-produit\/power-platform-fr\/\u00a0\u00bb button_text=\u00a0\u00bbVoir les formations disponibles\u00a0\u00bb button_alignment=\u00a0\u00bbleft\u00a0\u00bb _builder_version=\u00a0\u00bb4.23.1&Prime; _module_preset=\u00a0\u00bbdefault\u00a0\u00bb custom_button=\u00a0\u00bbon\u00a0\u00bb button_text_size=\u00a0\u00bb14px\u00a0\u00bb hover_enabled=\u00a0\u00bb0&Prime; global_colors_info=\u00a0\u00bb{}\u00a0\u00bb sticky_enabled=\u00a0\u00bb0&Prime;][\/et_pb_button][\/et_pb_column][et_pb_column type=\u00a0\u00bb1_2&Prime; _builder_version=\u00a0\u00bb4.16&Prime; _module_preset=\u00a0\u00bbdefault\u00a0\u00bb global_colors_info=\u00a0\u00bb{}\u00a0\u00bb][et_pb_blurb title=\u00a0\u00bbSessions d&apos;initiation\u00a0\u00bb image=\u00a0\u00bbhttps:\/\/kabesa.ca\/wp-content\/uploads\/2021\/04\/kabesa-training-lifestyle-1024&#215;683.jpg\u00a0\u00bb _builder_version=\u00a0\u00bb4.16&Prime; _module_preset=\u00a0\u00bbdefault\u00a0\u00bb global_colors_info=\u00a0\u00bb{}\u00a0\u00bb]<\/p>\n<p><span>Int\u00e9grez rapidement toute votre \u00e9quipe sur Microsoft 365 avec des sessions d&rsquo;introduction de 60 minutes. <\/span><\/p>\n<p>[\/et_pb_blurb][et_pb_button button_url=\u00a0\u00bbhttps:\/\/kabesa.ca\/fr\/contactez-nous\/\u00a0\u00bb button_text=\u00a0\u00bbContactez nous\u00a0\u00bb button_alignment=\u00a0\u00bbleft\u00a0\u00bb _builder_version=\u00a0\u00bb4.23.1&Prime; _module_preset=\u00a0\u00bbdefault\u00a0\u00bb custom_button=\u00a0\u00bbon\u00a0\u00bb button_text_size=\u00a0\u00bb14px\u00a0\u00bb hover_enabled=\u00a0\u00bb0&Prime; global_colors_info=\u00a0\u00bb{}\u00a0\u00bb sticky_enabled=\u00a0\u00bb0&Prime;][\/et_pb_button][\/et_pb_column][\/et_pb_row][\/et_pb_section][et_pb_section fb_built=\u00a0\u00bb1&Prime; admin_label=\u00a0\u00bbShare This Bar\u00a0\u00bb _builder_version=\u00a0\u00bb4.16&Prime; _module_preset=\u00a0\u00bbdefault\u00a0\u00bb background_color=\u00a0\u00bb#f7f7f7&Prime; global_colors_info=\u00a0\u00bb{%22gcid-66354dad-64a5-4d94-a19e-5bcfd660661e%22:%91%93,%22gcid-21fcb3a3-a083-4564-a871-2e140833b35b%22:%91%22background_color%22%93}\u00a0\u00bb][et_pb_row _builder_version=\u00a0\u00bb4.16&Prime; _module_preset=\u00a0\u00bbdefault\u00a0\u00bb global_colors_info=\u00a0\u00bb{}\u00a0\u00bb][et_pb_column type=\u00a0\u00bb4_4&Prime; _builder_version=\u00a0\u00bb4.16&Prime; _module_preset=\u00a0\u00bbdefault\u00a0\u00bb global_colors_info=\u00a0\u00bb{}\u00a0\u00bb][et_pb_text _builder_version=\u00a0\u00bb4.16&Prime; text_font=\u00a0\u00bb||||||||\u00a0\u00bb text_font_size=\u00a0\u00bb15px\u00a0\u00bb text_line_height=\u00a0\u00bb2em\u00a0\u00bb header_font_size=\u00a0\u00bb40px\u00a0\u00bb header_2_font=\u00a0\u00bb||||||||\u00a0\u00bb header_2_text_color=\u00a0\u00bb#010101&Prime; header_2_font_size=\u00a0\u00bb24px\u00a0\u00bb header_2_line_height=\u00a0\u00bb1.4em\u00a0\u00bb header_4_font=\u00a0\u00bb|700||on|||||\u00a0\u00bb header_4_text_color=\u00a0\u00bb#0F4B91&Prime; header_4_font_size=\u00a0\u00bb16px\u00a0\u00bb header_4_letter_spacing=\u00a0\u00bb2px\u00a0\u00bb header_4_line_height=\u00a0\u00bb1.6em\u00a0\u00bb text_orientation=\u00a0\u00bbcenter\u00a0\u00bb max_width=\u00a0\u00bb600px\u00a0\u00bb module_alignment=\u00a0\u00bbcenter\u00a0\u00bb header_2_font_size_tablet=\u00a0\u00bb30px\u00a0\u00bb header_2_font_size_phone=\u00a0\u00bb22px\u00a0\u00bb header_2_font_size_last_edited=\u00a0\u00bbon|phone\u00a0\u00bb header_4_font_size_tablet=\u00a0\u00bb\u00a0\u00bb header_4_font_size_phone=\u00a0\u00bb14px\u00a0\u00bb header_4_font_size_last_edited=\u00a0\u00bbon|phone\u00a0\u00bb locked=\u00a0\u00bboff\u00a0\u00bb global_colors_info=\u00a0\u00bb{%22gcid-aad3e800-55bc-4865-bb3e-e56520de9902%22:%91%93,%22gcid-8d248544-f9b6-4438-8a2c-c1d86fc65d1e%22:%91%22header_2_text_color%22%93}\u00a0\u00bb]<\/p>\n<h2>Partager ceci<\/h2>\n<p>[\/et_pb_text][dssb_sharing_buttons icon_placement=\u00a0\u00bbicon\u00a0\u00bb use_non_meta_tags=\u00a0\u00bbon\u00a0\u00bb _builder_version=\u00a0\u00bb4.16&Prime; _module_preset=\u00a0\u00bbdefault\u00a0\u00bb global_colors_info=\u00a0\u00bb{}\u00a0\u00bb][dssb_sharing_button social_network=\u00a0\u00bblinkedin\u00a0\u00bb _builder_version=\u00a0\u00bb4.16&Prime; _module_preset=\u00a0\u00bbdefault\u00a0\u00bb global_colors_info=\u00a0\u00bb{}\u00a0\u00bb][\/dssb_sharing_button][dssb_sharing_button social_network=\u00a0\u00bbtwitter\u00a0\u00bb _builder_version=\u00a0\u00bb4.16&Prime; _module_preset=\u00a0\u00bbdefault\u00a0\u00bb global_colors_info=\u00a0\u00bb{}\u00a0\u00bb][\/dssb_sharing_button][dssb_sharing_button _builder_version=\u00a0\u00bb4.16&Prime; _module_preset=\u00a0\u00bbdefault\u00a0\u00bb global_colors_info=\u00a0\u00bb{}\u00a0\u00bb][\/dssb_sharing_button][dssb_sharing_button social_network=\u00a0\u00bbemail\u00a0\u00bb _builder_version=\u00a0\u00bb4.16&Prime; _module_preset=\u00a0\u00bbdefault\u00a0\u00bb global_colors_info=\u00a0\u00bb{}\u00a0\u00bb][\/dssb_sharing_button][\/dssb_sharing_buttons][\/et_pb_column][\/et_pb_row][\/et_pb_section]<\/p>\n","protected":false},"excerpt":{"rendered":"<p>Faites passer les connaissances de votre \u00e9quipe au niveau sup\u00e9rieur<\/p>\n","protected":false},"author":5,"featured_media":5977,"parent":0,"menu_order":0,"comment_status":"closed","ping_status":"closed","template":"","meta":{"_et_pb_use_builder":"on","_et_pb_old_content":"","_et_gb_content_width":"","footnotes":""},"class_list":["post-6490","page","type-page","status-publish","has-post-thumbnail","hentry"],"yoast_head":"<!-- This site is optimized with the Yoast SEO plugin v27.4 - https:\/\/yoast.com\/product\/yoast-seo-wordpress\/ -->\n<title>Formation - Kabesa<\/title>\n<meta name=\"robots\" content=\"index, follow, max-snippet:-1, max-image-preview:large, max-video-preview:-1\" \/>\n<link rel=\"canonical\" href=\"https:\/\/kabesa.ca\/fr\/formation\/\" \/>\n<meta property=\"og:locale\" content=\"fr_FR\" \/>\n<meta property=\"og:type\" content=\"article\" \/>\n<meta property=\"og:title\" content=\"Formation - Kabesa\" \/>\n<meta property=\"og:description\" content=\"Faites passer les connaissances de votre \u00e9quipe au niveau sup\u00e9rieur\" \/>\n<meta property=\"og:url\" content=\"https:\/\/kabesa.ca\/fr\/formation\/\" \/>\n<meta property=\"og:site_name\" content=\"Kabesa\" \/>\n<meta property=\"article:publisher\" content=\"https:\/\/www.facebook.com\/kabesasolutions\" \/>\n<meta property=\"article:modified_time\" content=\"2023-12-20T18:30:07+00:00\" \/>\n<meta property=\"og:image\" content=\"https:\/\/kabesa.ca\/wp-content\/uploads\/2021\/09\/kabesa_global_sharing_2.jpg\" \/>\n\t<meta property=\"og:image:width\" content=\"1988\" \/>\n\t<meta property=\"og:image:height\" content=\"1283\" \/>\n\t<meta property=\"og:image:type\" content=\"image\/jpeg\" \/>\n<meta name=\"twitter:card\" content=\"summary_large_image\" \/>\n<meta name=\"twitter:site\" content=\"@kabesasolutions\" \/>\n<meta name=\"twitter:label1\" content=\"Dur\u00e9e de lecture estim\u00e9e\" \/>\n\t<meta name=\"twitter:data1\" content=\"3 minutes\" \/>\n<script type=\"application\/ld+json\" class=\"yoast-schema-graph\">{\"@context\":\"https:\\\/\\\/schema.org\",\"@graph\":[{\"@type\":\"WebPage\",\"@id\":\"https:\\\/\\\/kabesa.ca\\\/fr\\\/formation\\\/\",\"url\":\"https:\\\/\\\/kabesa.ca\\\/fr\\\/formation\\\/\",\"name\":\"Formation - Kabesa\",\"isPartOf\":{\"@id\":\"https:\\\/\\\/kabesa.ca\\\/fr\\\/#website\"},\"primaryImageOfPage\":{\"@id\":\"https:\\\/\\\/kabesa.ca\\\/fr\\\/formation\\\/#primaryimage\"},\"image\":{\"@id\":\"https:\\\/\\\/kabesa.ca\\\/fr\\\/formation\\\/#primaryimage\"},\"thumbnailUrl\":\"https:\\\/\\\/kabesa.ca\\\/wp-content\\\/uploads\\\/2021\\\/09\\\/kabesa_global_sharing_2.jpg\",\"datePublished\":\"2023-10-26T19:48:14+00:00\",\"dateModified\":\"2023-12-20T18:30:07+00:00\",\"breadcrumb\":{\"@id\":\"https:\\\/\\\/kabesa.ca\\\/fr\\\/formation\\\/#breadcrumb\"},\"inLanguage\":\"fr-FR\",\"potentialAction\":[{\"@type\":\"ReadAction\",\"target\":[\"https:\\\/\\\/kabesa.ca\\\/fr\\\/formation\\\/\"]}]},{\"@type\":\"ImageObject\",\"inLanguage\":\"fr-FR\",\"@id\":\"https:\\\/\\\/kabesa.ca\\\/fr\\\/formation\\\/#primaryimage\",\"url\":\"https:\\\/\\\/kabesa.ca\\\/wp-content\\\/uploads\\\/2021\\\/09\\\/kabesa_global_sharing_2.jpg\",\"contentUrl\":\"https:\\\/\\\/kabesa.ca\\\/wp-content\\\/uploads\\\/2021\\\/09\\\/kabesa_global_sharing_2.jpg\",\"width\":1988,\"height\":1283},{\"@type\":\"BreadcrumbList\",\"@id\":\"https:\\\/\\\/kabesa.ca\\\/fr\\\/formation\\\/#breadcrumb\",\"itemListElement\":[{\"@type\":\"ListItem\",\"position\":1,\"name\":\"Home\",\"item\":\"https:\\\/\\\/kabesa.ca\\\/fr\\\/\"},{\"@type\":\"ListItem\",\"position\":2,\"name\":\"Formation\"}]},{\"@type\":\"WebSite\",\"@id\":\"https:\\\/\\\/kabesa.ca\\\/fr\\\/#website\",\"url\":\"https:\\\/\\\/kabesa.ca\\\/fr\\\/\",\"name\":\"Kabesa\",\"description\":\"\",\"publisher\":{\"@id\":\"https:\\\/\\\/kabesa.ca\\\/fr\\\/#organization\"},\"inLanguage\":\"fr-FR\"},{\"@type\":\"Organization\",\"@id\":\"https:\\\/\\\/kabesa.ca\\\/fr\\\/#organization\",\"name\":\"Kabesa\",\"url\":\"https:\\\/\\\/kabesa.ca\\\/fr\\\/\",\"logo\":{\"@type\":\"ImageObject\",\"inLanguage\":\"fr-FR\",\"@id\":\"https:\\\/\\\/kabesa.ca\\\/fr\\\/#\\\/schema\\\/logo\\\/image\\\/\",\"url\":\"https:\\\/\\\/kabesa.ca\\\/wp-content\\\/uploads\\\/2021\\\/09\\\/kabesa_global_sharing_2.jpg\",\"contentUrl\":\"https:\\\/\\\/kabesa.ca\\\/wp-content\\\/uploads\\\/2021\\\/09\\\/kabesa_global_sharing_2.jpg\",\"width\":1988,\"height\":1283,\"caption\":\"Kabesa\"},\"image\":{\"@id\":\"https:\\\/\\\/kabesa.ca\\\/fr\\\/#\\\/schema\\\/logo\\\/image\\\/\"},\"sameAs\":[\"https:\\\/\\\/www.facebook.com\\\/kabesasolutions\",\"https:\\\/\\\/x.com\\\/kabesasolutions\",\"https:\\\/\\\/www.linkedin.com\\\/company\\\/kabesa\\\/\"]}]}<\/script>\n<!-- \/ Yoast SEO plugin. -->","yoast_head_json":{"title":"Formation - Kabesa","robots":{"index":"index","follow":"follow","max-snippet":"max-snippet:-1","max-image-preview":"max-image-preview:large","max-video-preview":"max-video-preview:-1"},"canonical":"https:\/\/kabesa.ca\/fr\/formation\/","og_locale":"fr_FR","og_type":"article","og_title":"Formation - Kabesa","og_description":"Faites passer les connaissances de votre \u00e9quipe au niveau sup\u00e9rieur","og_url":"https:\/\/kabesa.ca\/fr\/formation\/","og_site_name":"Kabesa","article_publisher":"https:\/\/www.facebook.com\/kabesasolutions","article_modified_time":"2023-12-20T18:30:07+00:00","og_image":[{"width":1988,"height":1283,"url":"https:\/\/kabesa.ca\/wp-content\/uploads\/2021\/09\/kabesa_global_sharing_2.jpg","type":"image\/jpeg"}],"twitter_card":"summary_large_image","twitter_site":"@kabesasolutions","twitter_misc":{"Dur\u00e9e de lecture estim\u00e9e":"3 minutes"},"schema":{"@context":"https:\/\/schema.org","@graph":[{"@type":"WebPage","@id":"https:\/\/kabesa.ca\/fr\/formation\/","url":"https:\/\/kabesa.ca\/fr\/formation\/","name":"Formation - Kabesa","isPartOf":{"@id":"https:\/\/kabesa.ca\/fr\/#website"},"primaryImageOfPage":{"@id":"https:\/\/kabesa.ca\/fr\/formation\/#primaryimage"},"image":{"@id":"https:\/\/kabesa.ca\/fr\/formation\/#primaryimage"},"thumbnailUrl":"https:\/\/kabesa.ca\/wp-content\/uploads\/2021\/09\/kabesa_global_sharing_2.jpg","datePublished":"2023-10-26T19:48:14+00:00","dateModified":"2023-12-20T18:30:07+00:00","breadcrumb":{"@id":"https:\/\/kabesa.ca\/fr\/formation\/#breadcrumb"},"inLanguage":"fr-FR","potentialAction":[{"@type":"ReadAction","target":["https:\/\/kabesa.ca\/fr\/formation\/"]}]},{"@type":"ImageObject","inLanguage":"fr-FR","@id":"https:\/\/kabesa.ca\/fr\/formation\/#primaryimage","url":"https:\/\/kabesa.ca\/wp-content\/uploads\/2021\/09\/kabesa_global_sharing_2.jpg","contentUrl":"https:\/\/kabesa.ca\/wp-content\/uploads\/2021\/09\/kabesa_global_sharing_2.jpg","width":1988,"height":1283},{"@type":"BreadcrumbList","@id":"https:\/\/kabesa.ca\/fr\/formation\/#breadcrumb","itemListElement":[{"@type":"ListItem","position":1,"name":"Home","item":"https:\/\/kabesa.ca\/fr\/"},{"@type":"ListItem","position":2,"name":"Formation"}]},{"@type":"WebSite","@id":"https:\/\/kabesa.ca\/fr\/#website","url":"https:\/\/kabesa.ca\/fr\/","name":"Kabesa","description":"","publisher":{"@id":"https:\/\/kabesa.ca\/fr\/#organization"},"inLanguage":"fr-FR"},{"@type":"Organization","@id":"https:\/\/kabesa.ca\/fr\/#organization","name":"Kabesa","url":"https:\/\/kabesa.ca\/fr\/","logo":{"@type":"ImageObject","inLanguage":"fr-FR","@id":"https:\/\/kabesa.ca\/fr\/#\/schema\/logo\/image\/","url":"https:\/\/kabesa.ca\/wp-content\/uploads\/2021\/09\/kabesa_global_sharing_2.jpg","contentUrl":"https:\/\/kabesa.ca\/wp-content\/uploads\/2021\/09\/kabesa_global_sharing_2.jpg","width":1988,"height":1283,"caption":"Kabesa"},"image":{"@id":"https:\/\/kabesa.ca\/fr\/#\/schema\/logo\/image\/"},"sameAs":["https:\/\/www.facebook.com\/kabesasolutions","https:\/\/x.com\/kabesasolutions","https:\/\/www.linkedin.com\/company\/kabesa\/"]}]}},"_links":{"self":[{"href":"https:\/\/kabesa.ca\/fr\/wp-json\/wp\/v2\/pages\/6490","targetHints":{"allow":["GET"]}}],"collection":[{"href":"https:\/\/kabesa.ca\/fr\/wp-json\/wp\/v2\/pages"}],"about":[{"href":"https:\/\/kabesa.ca\/fr\/wp-json\/wp\/v2\/types\/page"}],"author":[{"embeddable":true,"href":"https:\/\/kabesa.ca\/fr\/wp-json\/wp\/v2\/users\/5"}],"replies":[{"embeddable":true,"href":"https:\/\/kabesa.ca\/fr\/wp-json\/wp\/v2\/comments?post=6490"}],"version-history":[{"count":4,"href":"https:\/\/kabesa.ca\/fr\/wp-json\/wp\/v2\/pages\/6490\/revisions"}],"predecessor-version":[{"id":6863,"href":"https:\/\/kabesa.ca\/fr\/wp-json\/wp\/v2\/pages\/6490\/revisions\/6863"}],"wp:featuredmedia":[{"embeddable":true,"href":"https:\/\/kabesa.ca\/fr\/wp-json\/wp\/v2\/media\/5977"}],"wp:attachment":[{"href":"https:\/\/kabesa.ca\/fr\/wp-json\/wp\/v2\/media?parent=6490"}],"curies":[{"name":"wp","href":"https:\/\/api.w.org\/{rel}","templated":true}]}}