{"id":5633,"date":"2021-08-05T20:10:41","date_gmt":"2021-08-06T01:10:41","guid":{"rendered":"https:\/\/kabesa.ca\/consultation\/"},"modified":"2021-10-06T15:17:40","modified_gmt":"2021-10-06T20:17:40","slug":"consultation","status":"publish","type":"page","link":"https:\/\/kabesa.ca\/fr\/consultation\/","title":{"rendered":"Consultation"},"content":{"rendered":"<p>[et_pb_section fb_built=\u00a0\u00bb1&Prime; _builder_version=\u00a0\u00bb4.10.7&Prime; _module_preset=\u00a0\u00bbdefault\u00a0\u00bb custom_padding=\u00a0\u00bb||0px||false|false\u00a0\u00bb global_colors_info=\u00a0\u00bb{}\u00a0\u00bb][et_pb_row _builder_version=\u00a0\u00bb4.9.4&Prime; _module_preset=\u00a0\u00bbdefault\u00a0\u00bb global_colors_info=\u00a0\u00bb{}\u00a0\u00bb][et_pb_column type=\u00a0\u00bb4_4&Prime; _builder_version=\u00a0\u00bb4.9.4&Prime; _module_preset=\u00a0\u00bbdefault\u00a0\u00bb global_colors_info=\u00a0\u00bb{}\u00a0\u00bb][et_pb_text _builder_version=\u00a0\u00bb4.9.4&Prime; _module_preset=\u00a0\u00bbdefault\u00a0\u00bb global_colors_info=\u00a0\u00bb{}\u00a0\u00bb]<\/p>\n<h1>Une \u00e9quipe de conseils hautement qualifi\u00e9<\/h1>\n<p>[\/et_pb_text][et_pb_text _builder_version=\u00a0\u00bb4.9.7&Prime; _module_preset=\u00a0\u00bbdefault\u00a0\u00bb global_colors_info=\u00a0\u00bb{}\u00a0\u00bb]<\/p>\n<p>Que vous ayez besoin d&rsquo;augmenter votre capacit\u00e9 de livraison ou de d\u00e9l\u00e9guer un projet entier, nous avons la bonne solution pour vous dans notre chapeau. Notre \u00e9quipe de consultants de haut niveau est comp\u00e9tente, passionn\u00e9e et d\u00e9di\u00e9e \u00e0 votre succ\u00e8s.<\/p>\n<p>[\/et_pb_text][\/et_pb_column][\/et_pb_row][\/et_pb_section][et_pb_section fb_built=\u00a0\u00bb1&Prime; _builder_version=\u00a0\u00bb4.10.7&Prime; _module_preset=\u00a0\u00bbdefault\u00a0\u00bb custom_padding=\u00a0\u00bb||0px||false|false\u00a0\u00bb global_colors_info=\u00a0\u00bb{}\u00a0\u00bb][et_pb_row column_structure=\u00a0\u00bb1_4,1_4,1_4,1_4&Prime; _builder_version=\u00a0\u00bb4.9.4&Prime; _module_preset=\u00a0\u00bbdefault\u00a0\u00bb global_colors_info=\u00a0\u00bb{}\u00a0\u00bb][et_pb_column type=\u00a0\u00bb1_4&Prime; _builder_version=\u00a0\u00bb4.9.4&Prime; _module_preset=\u00a0\u00bbdefault\u00a0\u00bb global_colors_info=\u00a0\u00bb{}\u00a0\u00bb][et_pb_blurb image=\u00a0\u00bbhttps:\/\/kabesa.ca\/wp-content\/uploads\/2021\/08\/TRI2107_ICN-KabesaPlan-de-travail-8-copie-3.png\u00a0\u00bb _builder_version=\u00a0\u00bb4.9.10&Prime; _module_preset=\u00a0\u00bbdefault\u00a0\u00bb global_colors_info=\u00a0\u00bb{}\u00a0\u00bb]<\/p>\n<ul>\n<li>SharePoint, OneDrive<\/li>\n<li>Teams<\/li>\n<li>Microsoft Forms<\/li>\n<li>Planner<\/li>\n<\/ul>\n<p>[\/et_pb_blurb][\/et_pb_column][et_pb_column type=\u00a0\u00bb1_4&Prime; _builder_version=\u00a0\u00bb4.9.4&Prime; _module_preset=\u00a0\u00bbdefault\u00a0\u00bb global_colors_info=\u00a0\u00bb{}\u00a0\u00bb][et_pb_blurb image=\u00a0\u00bbhttps:\/\/kabesa.ca\/wp-content\/uploads\/2021\/08\/TRI2107_ICN-KabesaPlan-de-travail-8-copie.png\u00a0\u00bb _builder_version=\u00a0\u00bb4.9.10&Prime; _module_preset=\u00a0\u00bbdefault\u00a0\u00bb global_colors_info=\u00a0\u00bb{}\u00a0\u00bb]<\/p>\n<ul>\n<li>Power Apps<\/li>\n<li>Power Automate<\/li>\n<li>Power Virtual agent<\/li>\n<\/ul>\n<p>[\/et_pb_blurb][\/et_pb_column][et_pb_column type=\u00a0\u00bb1_4&Prime; _builder_version=\u00a0\u00bb4.9.4&Prime; _module_preset=\u00a0\u00bbdefault\u00a0\u00bb global_colors_info=\u00a0\u00bb{}\u00a0\u00bb][et_pb_blurb image=\u00a0\u00bbhttps:\/\/kabesa.ca\/wp-content\/uploads\/2021\/08\/TRI2107_ICN-KabesaPlan-de-travail-8-copie-7.png\u00a0\u00bb _builder_version=\u00a0\u00bb4.9.10&Prime; _module_preset=\u00a0\u00bbdefault\u00a0\u00bb global_colors_info=\u00a0\u00bb{}\u00a0\u00bb]<\/p>\n<ul>\n<li>Power BI<\/li>\n<li>Azure Data Factory<\/li>\n<li>Databricks<\/li>\n<li>Azure synapse<\/li>\n<li>Analysis Services<\/li>\n<li>Reporting Services<\/li>\n<\/ul>\n<p>[\/et_pb_blurb][\/et_pb_column][et_pb_column type=\u00a0\u00bb1_4&Prime; _builder_version=\u00a0\u00bb4.9.4&Prime; _module_preset=\u00a0\u00bbdefault\u00a0\u00bb global_colors_info=\u00a0\u00bb{}\u00a0\u00bb][et_pb_blurb image=\u00a0\u00bbhttps:\/\/kabesa.ca\/wp-content\/uploads\/2021\/08\/TRI2107_ICN-KabesaPlan-de-travail-8-copie-8.png\u00a0\u00bb _builder_version=\u00a0\u00bb4.9.10&Prime; _module_preset=\u00a0\u00bbdefault\u00a0\u00bb global_colors_info=\u00a0\u00bb{}\u00a0\u00bb]<\/p>\n<ul>\n<li>Azure Cognitive Services<\/li>\n<li>AI Builder<\/li>\n<\/ul>\n<p>[\/et_pb_blurb][\/et_pb_column][\/et_pb_row][\/et_pb_section][et_pb_section fb_built=\u00a0\u00bb1&Prime; _builder_version=\u00a0\u00bb4.9.4&Prime; _module_preset=\u00a0\u00bbdefault\u00a0\u00bb background_color=\u00a0\u00bbgcid-21fcb3a3-a083-4564-a871-2e140833b35b\u00a0\u00bb background_enable_color=\u00a0\u00bboff\u00a0\u00bb background_enable_image=\u00a0\u00bboff\u00a0\u00bb background_size=\u00a0\u00bbcontain\u00a0\u00bb background_position=\u00a0\u00bbcenter_left\u00a0\u00bb custom_margin=\u00a0\u00bb||||false|false\u00a0\u00bb custom_padding=\u00a0\u00bb0px||||false|false\u00a0\u00bb global_colors_info=\u00a0\u00bb{%22gcid-025bd9d6-f43e-42c2-8b4a-454276128e8f%22:%91%93,%22gcid-21fcb3a3-a083-4564-a871-2e140833b35b%22:%91%22background_color%22%93}\u00a0\u00bb][et_pb_row _builder_version=\u00a0\u00bb4.9.4&Prime; _module_preset=\u00a0\u00bbdefault\u00a0\u00bb global_colors_info=\u00a0\u00bb{}\u00a0\u00bb][et_pb_column type=\u00a0\u00bb4_4&Prime; _builder_version=\u00a0\u00bb4.9.4&Prime; _module_preset=\u00a0\u00bbdefault\u00a0\u00bb global_colors_info=\u00a0\u00bb{}\u00a0\u00bb][et_pb_slider _builder_version=\u00a0\u00bb4.9.7&Prime; _module_preset=\u00a0\u00bbdefault\u00a0\u00bb background_enable_image=\u00a0\u00bboff\u00a0\u00bb custom_padding=\u00a0\u00bb75px|20px|75px|20px|false|false\u00a0\u00bb global_colors_info=\u00a0\u00bb{}\u00a0\u00bb][et_pb_slide button_text=\u00a0\u00bbC\u00e9dulez une s\u00e9ance de travail\u00a0\u00bb button_link=\u00a0\u00bb@ET-DC@eyJkeW5hbWljIjp0cnVlLCJjb250ZW50IjoicG9zdF9saW5rX3VybF9wYWdlIiwic2V0dGluZ3MiOnsicG9zdF9pZCI6IjI2NCJ9fQ==@\u00a0\u00bb _builder_version=\u00a0\u00bb4.9.7&Prime; _dynamic_attributes=\u00a0\u00bbbutton_link\u00a0\u00bb _module_preset=\u00a0\u00bbdefault\u00a0\u00bb header_level=\u00a0\u00bbh2&Prime; body_font_size=\u00a0\u00bb26px\u00a0\u00bb body_line_height=\u00a0\u00bb1.8em\u00a0\u00bb background_color=\u00a0\u00bbgcid-025bd9d6-f43e-42c2-8b4a-454276128e8f\u00a0\u00bb background_enable_color=\u00a0\u00bbon\u00a0\u00bb background_image=\u00a0\u00bbhttps:\/\/kabesa.ca\/wp-content\/uploads\/2021\/03\/investing-37.png\u00a0\u00bb background_enable_image=\u00a0\u00bbon\u00a0\u00bb background_position=\u00a0\u00bbcenter_left\u00a0\u00bb custom_button=\u00a0\u00bbon\u00a0\u00bb button_text_color=\u00a0\u00bbgcid-025bd9d6-f43e-42c2-8b4a-454276128e8f\u00a0\u00bb button_bg_color=\u00a0\u00bb#FFFFFF\u00a0\u00bb button_custom_margin=\u00a0\u00bb40px||||false|false\u00a0\u00bb global_colors_info=\u00a0\u00bb{%22gcid-025bd9d6-f43e-42c2-8b4a-454276128e8f%22:%91%22background_color%22,%22button_text_color%22%93,%22gcid-c40aaac1-26ff-456c-8b0b-86b0312fbdd6%22:%91%93}\u00a0\u00bb sticky_transition=\u00a0\u00bbon\u00a0\u00bb]<\/p>\n<p>Vous avez besoin d&rsquo;aide pour identifier les applications que vous devez utiliser ou pour d\u00e9finir la port\u00e9e de votre projet, appelez-nous rapidement et nous vous aiderons \u00e0 d\u00e9marrer.<\/p>\n<p>[\/et_pb_slide][\/et_pb_slider][\/et_pb_column][\/et_pb_row][\/et_pb_section][et_pb_section fb_built=\u00a0\u00bb1&Prime; _builder_version=\u00a0\u00bb4.9.4&Prime; _module_preset=\u00a0\u00bbdefault\u00a0\u00bb background_color=\u00a0\u00bb#f7f7f7&Prime; global_colors_info=\u00a0\u00bb{%22gcid-66354dad-64a5-4d94-a19e-5bcfd660661e%22:%91%93,%22gcid-21fcb3a3-a083-4564-a871-2e140833b35b%22:%91%22background_color%22%93}\u00a0\u00bb][et_pb_row _builder_version=\u00a0\u00bb4.9.4&Prime; _module_preset=\u00a0\u00bbdefault\u00a0\u00bb global_colors_info=\u00a0\u00bb{}\u00a0\u00bb][et_pb_column type=\u00a0\u00bb4_4&Prime; _builder_version=\u00a0\u00bb4.9.4&Prime; _module_preset=\u00a0\u00bbdefault\u00a0\u00bb global_colors_info=\u00a0\u00bb{}\u00a0\u00bb][et_pb_text _builder_version=\u00a0\u00bb4.9.4&Prime; text_font=\u00a0\u00bb||||||||\u00a0\u00bb text_font_size=\u00a0\u00bb15px\u00a0\u00bb text_line_height=\u00a0\u00bb2em\u00a0\u00bb header_font_size=\u00a0\u00bb40px\u00a0\u00bb header_2_font=\u00a0\u00bb||||||||\u00a0\u00bb header_2_text_color=\u00a0\u00bb#010101&Prime; header_2_font_size=\u00a0\u00bb24px\u00a0\u00bb header_2_line_height=\u00a0\u00bb1.4em\u00a0\u00bb header_4_font=\u00a0\u00bb|700||on|||||\u00a0\u00bb header_4_text_color=\u00a0\u00bb#0F4B91&Prime; header_4_font_size=\u00a0\u00bb16px\u00a0\u00bb header_4_letter_spacing=\u00a0\u00bb2px\u00a0\u00bb header_4_line_height=\u00a0\u00bb1.6em\u00a0\u00bb text_orientation=\u00a0\u00bbcenter\u00a0\u00bb max_width=\u00a0\u00bb600px\u00a0\u00bb module_alignment=\u00a0\u00bbcenter\u00a0\u00bb header_2_font_size_tablet=\u00a0\u00bb30px\u00a0\u00bb header_2_font_size_phone=\u00a0\u00bb22px\u00a0\u00bb header_2_font_size_last_edited=\u00a0\u00bbon|phone\u00a0\u00bb header_4_font_size_tablet=\u00a0\u00bb\u00a0\u00bb header_4_font_size_phone=\u00a0\u00bb14px\u00a0\u00bb header_4_font_size_last_edited=\u00a0\u00bbon|phone\u00a0\u00bb locked=\u00a0\u00bboff\u00a0\u00bb global_colors_info=\u00a0\u00bb{%22gcid-aad3e800-55bc-4865-bb3e-e56520de9902%22:%91%93,%22gcid-8d248544-f9b6-4438-8a2c-c1d86fc65d1e%22:%91%22header_2_text_color%22%93}\u00a0\u00bb]<\/p>\n<h2>Partager ceci<\/h2>\n<p>[\/et_pb_text][dssb_sharing_buttons _builder_version=\u00a0\u00bb4.11.1&Prime; _module_preset=\u00a0\u00bbdefault\u00a0\u00bb hover_enabled=\u00a0\u00bb0&Prime; sticky_enabled=\u00a0\u00bb0&Prime; icon_placement=\u00a0\u00bbicon\u00a0\u00bb][dssb_sharing_button _builder_version=\u00a0\u00bb4.11.1&Prime; _module_preset=\u00a0\u00bbdefault\u00a0\u00bb social_network=\u00a0\u00bblinkedin\u00a0\u00bb hover_enabled=\u00a0\u00bb0&Prime; sticky_enabled=\u00a0\u00bb0&Prime;][\/dssb_sharing_button][dssb_sharing_button _builder_version=\u00a0\u00bb4.11.1&Prime; _module_preset=\u00a0\u00bbdefault\u00a0\u00bb social_network=\u00a0\u00bbtwitter\u00a0\u00bb hover_enabled=\u00a0\u00bb0&Prime; sticky_enabled=\u00a0\u00bb0&Prime;][\/dssb_sharing_button][dssb_sharing_button _builder_version=\u00a0\u00bb4.11.1&Prime; _module_preset=\u00a0\u00bbdefault\u00a0\u00bb hover_enabled=\u00a0\u00bb0&Prime; sticky_enabled=\u00a0\u00bb0&Prime;][\/dssb_sharing_button][dssb_sharing_button _builder_version=\u00a0\u00bb4.11.1&Prime; _module_preset=\u00a0\u00bbdefault\u00a0\u00bb social_network=\u00a0\u00bbemail\u00a0\u00bb hover_enabled=\u00a0\u00bb0&Prime; sticky_enabled=\u00a0\u00bb0&Prime;][\/dssb_sharing_button][\/dssb_sharing_buttons][\/et_pb_column][\/et_pb_row][\/et_pb_section]<\/p>\n","protected":false},"excerpt":{"rendered":"<p>Que vous ayez besoin d&rsquo;augmenter votre capacit\u00e9 de livraison ou de d\u00e9l\u00e9guer un projet entier, nous avons la bonne solution pour vous dans notre chapeau. Notre \u00e9quipe de consultants de haut niveau est comp\u00e9tente, passionn\u00e9e et d\u00e9di\u00e9e \u00e0 votre succ\u00e8s.<\/p>\n","protected":false},"author":3,"featured_media":5977,"parent":0,"menu_order":0,"comment_status":"closed","ping_status":"closed","template":"","meta":{"_et_pb_use_builder":"on","_et_pb_old_content":"","_et_gb_content_width":"","footnotes":""},"class_list":["post-5633","page","type-page","status-publish","has-post-thumbnail","hentry"],"yoast_head":"<!-- This site is optimized with the Yoast SEO plugin v27.4 - https:\/\/yoast.com\/product\/yoast-seo-wordpress\/ -->\n<title>Consultation - Kabesa<\/title>\n<meta name=\"robots\" content=\"index, follow, max-snippet:-1, max-image-preview:large, max-video-preview:-1\" \/>\n<link rel=\"canonical\" href=\"https:\/\/kabesa.ca\/fr\/consultation\/\" \/>\n<meta property=\"og:locale\" content=\"fr_FR\" \/>\n<meta property=\"og:type\" content=\"article\" \/>\n<meta property=\"og:title\" content=\"Consultation - Kabesa\" \/>\n<meta property=\"og:description\" content=\"Que vous ayez besoin d&#039;augmenter votre capacit\u00e9 de livraison ou de d\u00e9l\u00e9guer un projet entier, nous avons la bonne solution pour vous dans notre chapeau. Notre \u00e9quipe de consultants de haut niveau est comp\u00e9tente, passionn\u00e9e et d\u00e9di\u00e9e \u00e0 votre succ\u00e8s.\" \/>\n<meta property=\"og:url\" content=\"https:\/\/kabesa.ca\/fr\/consultation\/\" \/>\n<meta property=\"og:site_name\" content=\"Kabesa\" \/>\n<meta property=\"article:publisher\" content=\"https:\/\/www.facebook.com\/kabesasolutions\" \/>\n<meta property=\"article:modified_time\" content=\"2021-10-06T20:17:40+00:00\" \/>\n<meta property=\"og:image\" content=\"https:\/\/secureservercdn.net\/50.62.89.79\/09a.a56.myftpupload.com\/wp-content\/uploads\/2021\/09\/kabesa_global_sharing_2.jpg?time=1637064842\" \/>\n\t<meta property=\"og:image:width\" content=\"1988\" \/>\n\t<meta property=\"og:image:height\" content=\"1283\" \/>\n\t<meta property=\"og:image:type\" content=\"image\/jpeg\" \/>\n<meta name=\"twitter:card\" content=\"summary_large_image\" \/>\n<meta name=\"twitter:site\" content=\"@kabesasolutions\" \/>\n<meta name=\"twitter:label1\" content=\"Dur\u00e9e de lecture estim\u00e9e\" \/>\n\t<meta name=\"twitter:data1\" content=\"5 minutes\" \/>\n<script type=\"application\/ld+json\" class=\"yoast-schema-graph\">{\"@context\":\"https:\\\/\\\/schema.org\",\"@graph\":[{\"@type\":\"WebPage\",\"@id\":\"https:\\\/\\\/kabesa.ca\\\/fr\\\/consultation\\\/\",\"url\":\"https:\\\/\\\/kabesa.ca\\\/fr\\\/consultation\\\/\",\"name\":\"Consultation - Kabesa\",\"isPartOf\":{\"@id\":\"https:\\\/\\\/kabesa.ca\\\/fr\\\/#website\"},\"primaryImageOfPage\":{\"@id\":\"https:\\\/\\\/kabesa.ca\\\/fr\\\/consultation\\\/#primaryimage\"},\"image\":{\"@id\":\"https:\\\/\\\/kabesa.ca\\\/fr\\\/consultation\\\/#primaryimage\"},\"thumbnailUrl\":\"https:\\\/\\\/kabesa.ca\\\/wp-content\\\/uploads\\\/2021\\\/09\\\/kabesa_global_sharing_2.jpg\",\"datePublished\":\"2021-08-06T01:10:41+00:00\",\"dateModified\":\"2021-10-06T20:17:40+00:00\",\"breadcrumb\":{\"@id\":\"https:\\\/\\\/kabesa.ca\\\/fr\\\/consultation\\\/#breadcrumb\"},\"inLanguage\":\"fr-FR\",\"potentialAction\":[{\"@type\":\"ReadAction\",\"target\":[\"https:\\\/\\\/kabesa.ca\\\/fr\\\/consultation\\\/\"]}]},{\"@type\":\"ImageObject\",\"inLanguage\":\"fr-FR\",\"@id\":\"https:\\\/\\\/kabesa.ca\\\/fr\\\/consultation\\\/#primaryimage\",\"url\":\"https:\\\/\\\/kabesa.ca\\\/wp-content\\\/uploads\\\/2021\\\/09\\\/kabesa_global_sharing_2.jpg\",\"contentUrl\":\"https:\\\/\\\/kabesa.ca\\\/wp-content\\\/uploads\\\/2021\\\/09\\\/kabesa_global_sharing_2.jpg\",\"width\":1988,\"height\":1283},{\"@type\":\"BreadcrumbList\",\"@id\":\"https:\\\/\\\/kabesa.ca\\\/fr\\\/consultation\\\/#breadcrumb\",\"itemListElement\":[{\"@type\":\"ListItem\",\"position\":1,\"name\":\"Home\",\"item\":\"https:\\\/\\\/kabesa.ca\\\/fr\\\/\"},{\"@type\":\"ListItem\",\"position\":2,\"name\":\"Consultation\"}]},{\"@type\":\"WebSite\",\"@id\":\"https:\\\/\\\/kabesa.ca\\\/fr\\\/#website\",\"url\":\"https:\\\/\\\/kabesa.ca\\\/fr\\\/\",\"name\":\"Kabesa\",\"description\":\"\",\"publisher\":{\"@id\":\"https:\\\/\\\/kabesa.ca\\\/fr\\\/#organization\"},\"inLanguage\":\"fr-FR\"},{\"@type\":\"Organization\",\"@id\":\"https:\\\/\\\/kabesa.ca\\\/fr\\\/#organization\",\"name\":\"Kabesa\",\"url\":\"https:\\\/\\\/kabesa.ca\\\/fr\\\/\",\"logo\":{\"@type\":\"ImageObject\",\"inLanguage\":\"fr-FR\",\"@id\":\"https:\\\/\\\/kabesa.ca\\\/fr\\\/#\\\/schema\\\/logo\\\/image\\\/\",\"url\":\"https:\\\/\\\/kabesa.ca\\\/wp-content\\\/uploads\\\/2021\\\/09\\\/kabesa_global_sharing_2.jpg\",\"contentUrl\":\"https:\\\/\\\/kabesa.ca\\\/wp-content\\\/uploads\\\/2021\\\/09\\\/kabesa_global_sharing_2.jpg\",\"width\":1988,\"height\":1283,\"caption\":\"Kabesa\"},\"image\":{\"@id\":\"https:\\\/\\\/kabesa.ca\\\/fr\\\/#\\\/schema\\\/logo\\\/image\\\/\"},\"sameAs\":[\"https:\\\/\\\/www.facebook.com\\\/kabesasolutions\",\"https:\\\/\\\/x.com\\\/kabesasolutions\",\"https:\\\/\\\/www.linkedin.com\\\/company\\\/kabesa\\\/\"]}]}<\/script>\n<!-- \/ Yoast SEO plugin. -->","yoast_head_json":{"title":"Consultation - Kabesa","robots":{"index":"index","follow":"follow","max-snippet":"max-snippet:-1","max-image-preview":"max-image-preview:large","max-video-preview":"max-video-preview:-1"},"canonical":"https:\/\/kabesa.ca\/fr\/consultation\/","og_locale":"fr_FR","og_type":"article","og_title":"Consultation - Kabesa","og_description":"Que vous ayez besoin d'augmenter votre capacit\u00e9 de livraison ou de d\u00e9l\u00e9guer un projet entier, nous avons la bonne solution pour vous dans notre chapeau. Notre \u00e9quipe de consultants de haut niveau est comp\u00e9tente, passionn\u00e9e et d\u00e9di\u00e9e \u00e0 votre succ\u00e8s.","og_url":"https:\/\/kabesa.ca\/fr\/consultation\/","og_site_name":"Kabesa","article_publisher":"https:\/\/www.facebook.com\/kabesasolutions","article_modified_time":"2021-10-06T20:17:40+00:00","og_image":[{"width":1988,"height":1283,"url":"https:\/\/secureservercdn.net\/50.62.89.79\/09a.a56.myftpupload.com\/wp-content\/uploads\/2021\/09\/kabesa_global_sharing_2.jpg?time=1637064842","type":"image\/jpeg"}],"twitter_card":"summary_large_image","twitter_site":"@kabesasolutions","twitter_misc":{"Dur\u00e9e de lecture estim\u00e9e":"5 minutes"},"schema":{"@context":"https:\/\/schema.org","@graph":[{"@type":"WebPage","@id":"https:\/\/kabesa.ca\/fr\/consultation\/","url":"https:\/\/kabesa.ca\/fr\/consultation\/","name":"Consultation - Kabesa","isPartOf":{"@id":"https:\/\/kabesa.ca\/fr\/#website"},"primaryImageOfPage":{"@id":"https:\/\/kabesa.ca\/fr\/consultation\/#primaryimage"},"image":{"@id":"https:\/\/kabesa.ca\/fr\/consultation\/#primaryimage"},"thumbnailUrl":"https:\/\/kabesa.ca\/wp-content\/uploads\/2021\/09\/kabesa_global_sharing_2.jpg","datePublished":"2021-08-06T01:10:41+00:00","dateModified":"2021-10-06T20:17:40+00:00","breadcrumb":{"@id":"https:\/\/kabesa.ca\/fr\/consultation\/#breadcrumb"},"inLanguage":"fr-FR","potentialAction":[{"@type":"ReadAction","target":["https:\/\/kabesa.ca\/fr\/consultation\/"]}]},{"@type":"ImageObject","inLanguage":"fr-FR","@id":"https:\/\/kabesa.ca\/fr\/consultation\/#primaryimage","url":"https:\/\/kabesa.ca\/wp-content\/uploads\/2021\/09\/kabesa_global_sharing_2.jpg","contentUrl":"https:\/\/kabesa.ca\/wp-content\/uploads\/2021\/09\/kabesa_global_sharing_2.jpg","width":1988,"height":1283},{"@type":"BreadcrumbList","@id":"https:\/\/kabesa.ca\/fr\/consultation\/#breadcrumb","itemListElement":[{"@type":"ListItem","position":1,"name":"Home","item":"https:\/\/kabesa.ca\/fr\/"},{"@type":"ListItem","position":2,"name":"Consultation"}]},{"@type":"WebSite","@id":"https:\/\/kabesa.ca\/fr\/#website","url":"https:\/\/kabesa.ca\/fr\/","name":"Kabesa","description":"","publisher":{"@id":"https:\/\/kabesa.ca\/fr\/#organization"},"inLanguage":"fr-FR"},{"@type":"Organization","@id":"https:\/\/kabesa.ca\/fr\/#organization","name":"Kabesa","url":"https:\/\/kabesa.ca\/fr\/","logo":{"@type":"ImageObject","inLanguage":"fr-FR","@id":"https:\/\/kabesa.ca\/fr\/#\/schema\/logo\/image\/","url":"https:\/\/kabesa.ca\/wp-content\/uploads\/2021\/09\/kabesa_global_sharing_2.jpg","contentUrl":"https:\/\/kabesa.ca\/wp-content\/uploads\/2021\/09\/kabesa_global_sharing_2.jpg","width":1988,"height":1283,"caption":"Kabesa"},"image":{"@id":"https:\/\/kabesa.ca\/fr\/#\/schema\/logo\/image\/"},"sameAs":["https:\/\/www.facebook.com\/kabesasolutions","https:\/\/x.com\/kabesasolutions","https:\/\/www.linkedin.com\/company\/kabesa\/"]}]}},"_links":{"self":[{"href":"https:\/\/kabesa.ca\/fr\/wp-json\/wp\/v2\/pages\/5633","targetHints":{"allow":["GET"]}}],"collection":[{"href":"https:\/\/kabesa.ca\/fr\/wp-json\/wp\/v2\/pages"}],"about":[{"href":"https:\/\/kabesa.ca\/fr\/wp-json\/wp\/v2\/types\/page"}],"author":[{"embeddable":true,"href":"https:\/\/kabesa.ca\/fr\/wp-json\/wp\/v2\/users\/3"}],"replies":[{"embeddable":true,"href":"https:\/\/kabesa.ca\/fr\/wp-json\/wp\/v2\/comments?post=5633"}],"version-history":[{"count":1,"href":"https:\/\/kabesa.ca\/fr\/wp-json\/wp\/v2\/pages\/5633\/revisions"}],"predecessor-version":[{"id":6148,"href":"https:\/\/kabesa.ca\/fr\/wp-json\/wp\/v2\/pages\/5633\/revisions\/6148"}],"wp:featuredmedia":[{"embeddable":true,"href":"https:\/\/kabesa.ca\/fr\/wp-json\/wp\/v2\/media\/5977"}],"wp:attachment":[{"href":"https:\/\/kabesa.ca\/fr\/wp-json\/wp\/v2\/media?parent=5633"}],"curies":[{"name":"wp","href":"https:\/\/api.w.org\/{rel}","templated":true}]}}