{"id":5626,"date":"2021-08-05T20:08:02","date_gmt":"2021-08-06T01:08:02","guid":{"rendered":"https:\/\/kabesa.ca\/carrieres\/"},"modified":"2021-10-06T15:07:05","modified_gmt":"2021-10-06T20:07:05","slug":"carrieres","status":"publish","type":"page","link":"https:\/\/kabesa.ca\/fr\/carrieres\/","title":{"rendered":"Carri\u00e8res"},"content":{"rendered":"<p>[et_pb_section fb_built=\u00a0\u00bb1&Prime; _builder_version=\u00a0\u00bb4.9.4&Prime; _module_preset=\u00a0\u00bbdefault\u00a0\u00bb global_colors_info=\u00a0\u00bb{}\u00a0\u00bb][et_pb_row _builder_version=\u00a0\u00bb4.9.4&Prime; _module_preset=\u00a0\u00bbdefault\u00a0\u00bb global_colors_info=\u00a0\u00bb{}\u00a0\u00bb][et_pb_column type=\u00a0\u00bb4_4&Prime; _builder_version=\u00a0\u00bb4.9.4&Prime; _module_preset=\u00a0\u00bbdefault\u00a0\u00bb global_colors_info=\u00a0\u00bb{}\u00a0\u00bb][et_pb_text _builder_version=\u00a0\u00bb4.9.7&Prime; _module_preset=\u00a0\u00bbdefault\u00a0\u00bb global_colors_info=\u00a0\u00bb{}\u00a0\u00bb]<\/p>\n<h1>Aidez nos clients \u00e0 atteindre leur plein potentiel<\/h1>\n<p>[\/et_pb_text][et_pb_text _builder_version=\u00a0\u00bb4.9.7&Prime; _module_preset=\u00a0\u00bbdefault\u00a0\u00bb global_colors_info=\u00a0\u00bb{}\u00a0\u00bb]<\/p>\n<p>D\u00e9veloppez vos comp\u00e9tences<\/p>\n<p>[\/et_pb_text][\/et_pb_column][\/et_pb_row][et_pb_row column_structure=\u00a0\u00bb1_2,1_2&Prime; _builder_version=\u00a0\u00bb4.9.7&Prime; _module_preset=\u00a0\u00bbdefault\u00a0\u00bb global_colors_info=\u00a0\u00bb{}\u00a0\u00bb][et_pb_column type=\u00a0\u00bb1_2&Prime; _builder_version=\u00a0\u00bb4.9.7&Prime; _module_preset=\u00a0\u00bbdefault\u00a0\u00bb global_colors_info=\u00a0\u00bb{}\u00a0\u00bb][et_pb_image src=\u00a0\u00bbhttps:\/\/kabesa.ca\/wp-content\/uploads\/2021\/02\/business-people-office-scaled.jpg\u00a0\u00bb title_text=\u00a0\u00bbGens d&rsquo;affaires\u00a0\u00bb _builder_version=\u00a0\u00bb4.9.7&Prime; _module_preset=\u00a0\u00bbdefault\u00a0\u00bb global_colors_info=\u00a0\u00bb{}\u00a0\u00bb][\/et_pb_image][\/et_pb_column][et_pb_column type=\u00a0\u00bb1_2&Prime; _builder_version=\u00a0\u00bb4.9.7&Prime; _module_preset=\u00a0\u00bbdefault\u00a0\u00bb global_colors_info=\u00a0\u00bb{}\u00a0\u00bb][et_pb_text _builder_version=\u00a0\u00bb4.9.7&Prime; _module_preset=\u00a0\u00bbdefault\u00a0\u00bb global_colors_info=\u00a0\u00bb{}\u00a0\u00bb]<\/p>\n<h2>Postes pr\u00e9sentement ouvert<\/h2>\n<p>[\/et_pb_text][et_pb_code _builder_version=\u00a0\u00bb4.10.7&Prime; _module_preset=\u00a0\u00bbdefault\u00a0\u00bb global_colors_info=\u00a0\u00bb{}\u00a0\u00bb]<\/p>\n<div id='BrzyHr_app'><\/div>\n<p><script src='https:\/\/kabesa.breezy.hr\/embed\/js?bzsrc=jswidget&#038;include_filters=true&#038;link_external=true&#038;no_pos_msg=true'><\/script>[\/et_pb_code][\/et_pb_column][\/et_pb_row][\/et_pb_section][et_pb_section fb_built=\u00a0\u00bb1&Prime; _builder_version=\u00a0\u00bb4.9.4&Prime; _module_preset=\u00a0\u00bbdefault\u00a0\u00bb background_color=\u00a0\u00bb#f7f7f7&Prime; global_colors_info=\u00a0\u00bb{%22gcid-66354dad-64a5-4d94-a19e-5bcfd660661e%22:%91%93,%22gcid-21fcb3a3-a083-4564-a871-2e140833b35b%22:%91%22background_color%22%93}\u00a0\u00bb][et_pb_row _builder_version=\u00a0\u00bb4.9.4&Prime; _module_preset=\u00a0\u00bbdefault\u00a0\u00bb global_colors_info=\u00a0\u00bb{}\u00a0\u00bb][et_pb_column type=\u00a0\u00bb4_4&Prime; _builder_version=\u00a0\u00bb4.9.4&Prime; _module_preset=\u00a0\u00bbdefault\u00a0\u00bb global_colors_info=\u00a0\u00bb{}\u00a0\u00bb][et_pb_text _builder_version=\u00a0\u00bb4.9.4&Prime; text_font=\u00a0\u00bb||||||||\u00a0\u00bb text_font_size=\u00a0\u00bb15px\u00a0\u00bb text_line_height=\u00a0\u00bb2em\u00a0\u00bb header_font_size=\u00a0\u00bb40px\u00a0\u00bb header_2_font=\u00a0\u00bb||||||||\u00a0\u00bb header_2_text_color=\u00a0\u00bb#010101&Prime; header_2_font_size=\u00a0\u00bb24px\u00a0\u00bb header_2_line_height=\u00a0\u00bb1.4em\u00a0\u00bb header_4_font=\u00a0\u00bb|700||on|||||\u00a0\u00bb header_4_text_color=\u00a0\u00bb#0F4B91&Prime; header_4_font_size=\u00a0\u00bb16px\u00a0\u00bb header_4_letter_spacing=\u00a0\u00bb2px\u00a0\u00bb header_4_line_height=\u00a0\u00bb1.6em\u00a0\u00bb text_orientation=\u00a0\u00bbcenter\u00a0\u00bb max_width=\u00a0\u00bb600px\u00a0\u00bb module_alignment=\u00a0\u00bbcenter\u00a0\u00bb header_2_font_size_tablet=\u00a0\u00bb30px\u00a0\u00bb header_2_font_size_phone=\u00a0\u00bb22px\u00a0\u00bb header_2_font_size_last_edited=\u00a0\u00bbon|phone\u00a0\u00bb header_4_font_size_tablet=\u00a0\u00bb\u00a0\u00bb header_4_font_size_phone=\u00a0\u00bb14px\u00a0\u00bb header_4_font_size_last_edited=\u00a0\u00bbon|phone\u00a0\u00bb locked=\u00a0\u00bboff\u00a0\u00bb global_colors_info=\u00a0\u00bb{%22gcid-aad3e800-55bc-4865-bb3e-e56520de9902%22:%91%93,%22gcid-8d248544-f9b6-4438-8a2c-c1d86fc65d1e%22:%91%22header_2_text_color%22%93}\u00a0\u00bb]<\/p>\n<h2>Partager ceci<\/h2>\n<p>[\/et_pb_text][dssb_sharing_buttons _builder_version=\u00a0\u00bb4.11.1&Prime; _module_preset=\u00a0\u00bbdefault\u00a0\u00bb icon_placement=\u00a0\u00bbicon\u00a0\u00bb hover_enabled=\u00a0\u00bb0&Prime; sticky_enabled=\u00a0\u00bb0&Prime;][dssb_sharing_button _builder_version=\u00a0\u00bb4.11.1&Prime; _module_preset=\u00a0\u00bbdefault\u00a0\u00bb social_network=\u00a0\u00bblinkedin\u00a0\u00bb hover_enabled=\u00a0\u00bb0&Prime; sticky_enabled=\u00a0\u00bb0&Prime;][\/dssb_sharing_button][dssb_sharing_button _builder_version=\u00a0\u00bb4.11.1&Prime; _module_preset=\u00a0\u00bbdefault\u00a0\u00bb social_network=\u00a0\u00bbtwitter\u00a0\u00bb hover_enabled=\u00a0\u00bb0&Prime; sticky_enabled=\u00a0\u00bb0&Prime;][\/dssb_sharing_button][dssb_sharing_button _builder_version=\u00a0\u00bb4.11.1&Prime; _module_preset=\u00a0\u00bbdefault\u00a0\u00bb hover_enabled=\u00a0\u00bb0&Prime; sticky_enabled=\u00a0\u00bb0&Prime;][\/dssb_sharing_button][dssb_sharing_button _builder_version=\u00a0\u00bb4.11.1&Prime; _module_preset=\u00a0\u00bbdefault\u00a0\u00bb social_network=\u00a0\u00bbemail\u00a0\u00bb hover_enabled=\u00a0\u00bb0&Prime; sticky_enabled=\u00a0\u00bb0&Prime;][\/dssb_sharing_button][\/dssb_sharing_buttons][\/et_pb_column][\/et_pb_row][\/et_pb_section]<\/p>\n","protected":false},"excerpt":{"rendered":"<p>Aidez nos clients \u00e0 atteindre leur plein potentielD\u00e9veloppez vos comp\u00e9tencesPostes pr\u00e9sentement ouvertPartager ceci<div class=\"et_pb_module dssb_sharing_buttons dssb_sharing_buttons_0\">\n\t\t\t\t\n\t\t\t\t\n\t\t\t\t\n\t\t\t\t\n\t\t\t\t\n\t\t\t\t\n\t\t\t\t<div class=\"et_pb_module_inner\">\n\t\t\t\t\t<div class=\"dssb-sharing-buttons dssb-columns-4 dssb-tablet-columns-4 dssb-phone-columns-4\"><\/div>\n\t\t\t\t<\/div>\n\t\t\t<\/div><div class=\"dssb_sharing_button dssb_sharing_button_0\">\n\t\t\t\t\n\t\t\t\t\n\t\t\t\t\n\t\t\t\t\n\t\t\t\t\n\t\t\t\t\n\t\t\t\t<div class=\"et_pb_module_inner\">\n\t\t\t\t\t\r\n            <div class=\"dssb-sharing-button\">\r\n                <a class=\"dssb-sharing-button-linkedin\" href=\"javascript:void(0)\" data-network-type=\"linkedin\" data-network-url=\"https:\/\/www.linkedin.com\/shareArticle?mini=1&url&title\" rel=\"nofollow\">\r\n                    <span class=\"dssb-sharing-icon dssb-sharing-linkedin\"><\/span>\r\n                    <div class=\"dssb-sharing-text\">Share On Linkedin<\/div>\r\n                <\/a>\r\n            <\/div>\n\t\t\t\t<\/div>\n\t\t\t<\/div><div class=\"dssb_sharing_button dssb_sharing_button_1\">\n\t\t\t\t\n\t\t\t\t\n\t\t\t\t\n\t\t\t\t\n\t\t\t\t\n\t\t\t\t\n\t\t\t\t<div class=\"et_pb_module_inner\">\n\t\t\t\t\t\r\n            <div class=\"dssb-sharing-button\">\r\n                <a class=\"dssb-sharing-button-twitter\" href=\"javascript:void(0)\" data-network-type=\"twitter\" data-network-url=\"https:\/\/twitter.com\/intent\/tweet?text&url\" rel=\"nofollow\">\r\n                    <span class=\"dssb-sharing-icon dssb-sharing-twitter\"><\/span>\r\n                    <div class=\"dssb-sharing-text\">Share On Twitter<\/div>\r\n                <\/a>\r\n            <\/div>\n\t\t\t\t<\/div>\n\t\t\t<\/div><div class=\"dssb_sharing_button dssb_sharing_button_2\">\n\t\t\t\t\n\t\t\t\t\n\t\t\t\t\n\t\t\t\t\n\t\t\t\t\n\t\t\t\t\n\t\t\t\t<div class=\"et_pb_module_inner\">\n\t\t\t\t\t\r\n            <div class=\"dssb-sharing-button\">\r\n                <a class=\"dssb-sharing-button-facebook\" href=\"javascript:void(0)\" data-network-type=\"facebook\" data-network-url=\"https:\/\/www.facebook.com\/sharer.php?u\" rel=\"nofollow\">\r\n                    <span class=\"dssb-sharing-icon dssb-sharing-facebook\"><\/span>\r\n                    <div class=\"dssb-sharing-text\">Share On Facebook<\/div>\r\n                <\/a>\r\n            <\/div>\n\t\t\t\t<\/div>\n\t\t\t<\/div><\/p>\n","protected":false},"author":3,"featured_media":5977,"parent":0,"menu_order":0,"comment_status":"closed","ping_status":"closed","template":"","meta":{"_et_pb_use_builder":"on","_et_pb_old_content":"","_et_gb_content_width":"","footnotes":""},"class_list":["post-5626","page","type-page","status-publish","has-post-thumbnail","hentry"],"yoast_head":"<!-- This site is optimized with the Yoast SEO plugin v27.4 - https:\/\/yoast.com\/product\/yoast-seo-wordpress\/ -->\n<title>Carri\u00e8res - Kabesa<\/title>\n<meta name=\"robots\" content=\"index, follow, max-snippet:-1, max-image-preview:large, max-video-preview:-1\" \/>\n<link rel=\"canonical\" href=\"https:\/\/kabesa.ca\/fr\/carrieres\/\" \/>\n<meta property=\"og:locale\" content=\"fr_FR\" \/>\n<meta property=\"og:type\" content=\"article\" \/>\n<meta property=\"og:title\" content=\"Carri\u00e8res - Kabesa\" \/>\n<meta property=\"og:description\" content=\"Aidez nos clients \u00e0 atteindre leur plein potentielD\u00e9veloppez vos comp\u00e9tencesPostes pr\u00e9sentement ouvertPartager ceci\" \/>\n<meta property=\"og:url\" content=\"https:\/\/kabesa.ca\/fr\/carrieres\/\" \/>\n<meta property=\"og:site_name\" content=\"Kabesa\" \/>\n<meta property=\"article:publisher\" content=\"https:\/\/www.facebook.com\/kabesasolutions\" \/>\n<meta property=\"article:modified_time\" content=\"2021-10-06T20:07:05+00:00\" \/>\n<meta property=\"og:image\" content=\"https:\/\/secureservercdn.net\/50.62.89.79\/09a.a56.myftpupload.com\/wp-content\/uploads\/2021\/09\/kabesa_global_sharing_2.jpg?time=1637064842\" \/>\n\t<meta property=\"og:image:width\" content=\"1988\" \/>\n\t<meta property=\"og:image:height\" content=\"1283\" \/>\n\t<meta property=\"og:image:type\" content=\"image\/jpeg\" \/>\n<meta name=\"twitter:card\" content=\"summary_large_image\" \/>\n<meta name=\"twitter:site\" content=\"@kabesasolutions\" \/>\n<meta name=\"twitter:label1\" content=\"Dur\u00e9e de lecture estim\u00e9e\" \/>\n\t<meta name=\"twitter:data1\" content=\"2 minutes\" \/>\n<script type=\"application\/ld+json\" class=\"yoast-schema-graph\">{\"@context\":\"https:\\\/\\\/schema.org\",\"@graph\":[{\"@type\":\"WebPage\",\"@id\":\"https:\\\/\\\/kabesa.ca\\\/fr\\\/carrieres\\\/\",\"url\":\"https:\\\/\\\/kabesa.ca\\\/fr\\\/carrieres\\\/\",\"name\":\"Carri\u00e8res - Kabesa\",\"isPartOf\":{\"@id\":\"https:\\\/\\\/kabesa.ca\\\/fr\\\/#website\"},\"primaryImageOfPage\":{\"@id\":\"https:\\\/\\\/kabesa.ca\\\/fr\\\/carrieres\\\/#primaryimage\"},\"image\":{\"@id\":\"https:\\\/\\\/kabesa.ca\\\/fr\\\/carrieres\\\/#primaryimage\"},\"thumbnailUrl\":\"https:\\\/\\\/kabesa.ca\\\/wp-content\\\/uploads\\\/2021\\\/09\\\/kabesa_global_sharing_2.jpg\",\"datePublished\":\"2021-08-06T01:08:02+00:00\",\"dateModified\":\"2021-10-06T20:07:05+00:00\",\"breadcrumb\":{\"@id\":\"https:\\\/\\\/kabesa.ca\\\/fr\\\/carrieres\\\/#breadcrumb\"},\"inLanguage\":\"fr-FR\",\"potentialAction\":[{\"@type\":\"ReadAction\",\"target\":[\"https:\\\/\\\/kabesa.ca\\\/fr\\\/carrieres\\\/\"]}]},{\"@type\":\"ImageObject\",\"inLanguage\":\"fr-FR\",\"@id\":\"https:\\\/\\\/kabesa.ca\\\/fr\\\/carrieres\\\/#primaryimage\",\"url\":\"https:\\\/\\\/kabesa.ca\\\/wp-content\\\/uploads\\\/2021\\\/09\\\/kabesa_global_sharing_2.jpg\",\"contentUrl\":\"https:\\\/\\\/kabesa.ca\\\/wp-content\\\/uploads\\\/2021\\\/09\\\/kabesa_global_sharing_2.jpg\",\"width\":1988,\"height\":1283},{\"@type\":\"BreadcrumbList\",\"@id\":\"https:\\\/\\\/kabesa.ca\\\/fr\\\/carrieres\\\/#breadcrumb\",\"itemListElement\":[{\"@type\":\"ListItem\",\"position\":1,\"name\":\"Home\",\"item\":\"https:\\\/\\\/kabesa.ca\\\/fr\\\/\"},{\"@type\":\"ListItem\",\"position\":2,\"name\":\"Carri\u00e8res\"}]},{\"@type\":\"WebSite\",\"@id\":\"https:\\\/\\\/kabesa.ca\\\/fr\\\/#website\",\"url\":\"https:\\\/\\\/kabesa.ca\\\/fr\\\/\",\"name\":\"Kabesa\",\"description\":\"\",\"publisher\":{\"@id\":\"https:\\\/\\\/kabesa.ca\\\/fr\\\/#organization\"},\"inLanguage\":\"fr-FR\"},{\"@type\":\"Organization\",\"@id\":\"https:\\\/\\\/kabesa.ca\\\/fr\\\/#organization\",\"name\":\"Kabesa\",\"url\":\"https:\\\/\\\/kabesa.ca\\\/fr\\\/\",\"logo\":{\"@type\":\"ImageObject\",\"inLanguage\":\"fr-FR\",\"@id\":\"https:\\\/\\\/kabesa.ca\\\/fr\\\/#\\\/schema\\\/logo\\\/image\\\/\",\"url\":\"https:\\\/\\\/kabesa.ca\\\/wp-content\\\/uploads\\\/2021\\\/09\\\/kabesa_global_sharing_2.jpg\",\"contentUrl\":\"https:\\\/\\\/kabesa.ca\\\/wp-content\\\/uploads\\\/2021\\\/09\\\/kabesa_global_sharing_2.jpg\",\"width\":1988,\"height\":1283,\"caption\":\"Kabesa\"},\"image\":{\"@id\":\"https:\\\/\\\/kabesa.ca\\\/fr\\\/#\\\/schema\\\/logo\\\/image\\\/\"},\"sameAs\":[\"https:\\\/\\\/www.facebook.com\\\/kabesasolutions\",\"https:\\\/\\\/x.com\\\/kabesasolutions\",\"https:\\\/\\\/www.linkedin.com\\\/company\\\/kabesa\\\/\"]}]}<\/script>\n<!-- \/ Yoast SEO plugin. -->","yoast_head_json":{"title":"Carri\u00e8res - Kabesa","robots":{"index":"index","follow":"follow","max-snippet":"max-snippet:-1","max-image-preview":"max-image-preview:large","max-video-preview":"max-video-preview:-1"},"canonical":"https:\/\/kabesa.ca\/fr\/carrieres\/","og_locale":"fr_FR","og_type":"article","og_title":"Carri\u00e8res - Kabesa","og_description":"Aidez nos clients \u00e0 atteindre leur plein potentielD\u00e9veloppez vos comp\u00e9tencesPostes pr\u00e9sentement ouvertPartager ceci","og_url":"https:\/\/kabesa.ca\/fr\/carrieres\/","og_site_name":"Kabesa","article_publisher":"https:\/\/www.facebook.com\/kabesasolutions","article_modified_time":"2021-10-06T20:07:05+00:00","og_image":[{"width":1988,"height":1283,"url":"https:\/\/secureservercdn.net\/50.62.89.79\/09a.a56.myftpupload.com\/wp-content\/uploads\/2021\/09\/kabesa_global_sharing_2.jpg?time=1637064842","type":"image\/jpeg"}],"twitter_card":"summary_large_image","twitter_site":"@kabesasolutions","twitter_misc":{"Dur\u00e9e de lecture estim\u00e9e":"2 minutes"},"schema":{"@context":"https:\/\/schema.org","@graph":[{"@type":"WebPage","@id":"https:\/\/kabesa.ca\/fr\/carrieres\/","url":"https:\/\/kabesa.ca\/fr\/carrieres\/","name":"Carri\u00e8res - Kabesa","isPartOf":{"@id":"https:\/\/kabesa.ca\/fr\/#website"},"primaryImageOfPage":{"@id":"https:\/\/kabesa.ca\/fr\/carrieres\/#primaryimage"},"image":{"@id":"https:\/\/kabesa.ca\/fr\/carrieres\/#primaryimage"},"thumbnailUrl":"https:\/\/kabesa.ca\/wp-content\/uploads\/2021\/09\/kabesa_global_sharing_2.jpg","datePublished":"2021-08-06T01:08:02+00:00","dateModified":"2021-10-06T20:07:05+00:00","breadcrumb":{"@id":"https:\/\/kabesa.ca\/fr\/carrieres\/#breadcrumb"},"inLanguage":"fr-FR","potentialAction":[{"@type":"ReadAction","target":["https:\/\/kabesa.ca\/fr\/carrieres\/"]}]},{"@type":"ImageObject","inLanguage":"fr-FR","@id":"https:\/\/kabesa.ca\/fr\/carrieres\/#primaryimage","url":"https:\/\/kabesa.ca\/wp-content\/uploads\/2021\/09\/kabesa_global_sharing_2.jpg","contentUrl":"https:\/\/kabesa.ca\/wp-content\/uploads\/2021\/09\/kabesa_global_sharing_2.jpg","width":1988,"height":1283},{"@type":"BreadcrumbList","@id":"https:\/\/kabesa.ca\/fr\/carrieres\/#breadcrumb","itemListElement":[{"@type":"ListItem","position":1,"name":"Home","item":"https:\/\/kabesa.ca\/fr\/"},{"@type":"ListItem","position":2,"name":"Carri\u00e8res"}]},{"@type":"WebSite","@id":"https:\/\/kabesa.ca\/fr\/#website","url":"https:\/\/kabesa.ca\/fr\/","name":"Kabesa","description":"","publisher":{"@id":"https:\/\/kabesa.ca\/fr\/#organization"},"inLanguage":"fr-FR"},{"@type":"Organization","@id":"https:\/\/kabesa.ca\/fr\/#organization","name":"Kabesa","url":"https:\/\/kabesa.ca\/fr\/","logo":{"@type":"ImageObject","inLanguage":"fr-FR","@id":"https:\/\/kabesa.ca\/fr\/#\/schema\/logo\/image\/","url":"https:\/\/kabesa.ca\/wp-content\/uploads\/2021\/09\/kabesa_global_sharing_2.jpg","contentUrl":"https:\/\/kabesa.ca\/wp-content\/uploads\/2021\/09\/kabesa_global_sharing_2.jpg","width":1988,"height":1283,"caption":"Kabesa"},"image":{"@id":"https:\/\/kabesa.ca\/fr\/#\/schema\/logo\/image\/"},"sameAs":["https:\/\/www.facebook.com\/kabesasolutions","https:\/\/x.com\/kabesasolutions","https:\/\/www.linkedin.com\/company\/kabesa\/"]}]}},"_links":{"self":[{"href":"https:\/\/kabesa.ca\/fr\/wp-json\/wp\/v2\/pages\/5626","targetHints":{"allow":["GET"]}}],"collection":[{"href":"https:\/\/kabesa.ca\/fr\/wp-json\/wp\/v2\/pages"}],"about":[{"href":"https:\/\/kabesa.ca\/fr\/wp-json\/wp\/v2\/types\/page"}],"author":[{"embeddable":true,"href":"https:\/\/kabesa.ca\/fr\/wp-json\/wp\/v2\/users\/3"}],"replies":[{"embeddable":true,"href":"https:\/\/kabesa.ca\/fr\/wp-json\/wp\/v2\/comments?post=5626"}],"version-history":[{"count":3,"href":"https:\/\/kabesa.ca\/fr\/wp-json\/wp\/v2\/pages\/5626\/revisions"}],"predecessor-version":[{"id":6146,"href":"https:\/\/kabesa.ca\/fr\/wp-json\/wp\/v2\/pages\/5626\/revisions\/6146"}],"wp:featuredmedia":[{"embeddable":true,"href":"https:\/\/kabesa.ca\/fr\/wp-json\/wp\/v2\/media\/5977"}],"wp:attachment":[{"href":"https:\/\/kabesa.ca\/fr\/wp-json\/wp\/v2\/media?parent=5626"}],"curies":[{"name":"wp","href":"https:\/\/api.w.org\/{rel}","templated":true}]}}